{"id":459,"date":"2026-03-25T16:06:11","date_gmt":"2026-03-25T16:06:11","guid":{"rendered":"https:\/\/alba-reims.com\/?page_id=459"},"modified":"2026-04-09T20:01:41","modified_gmt":"2026-04-09T20:01:41","slug":"mentions","status":"publish","type":"page","link":"https:\/\/alba-reims.com\/ne\/mentions\/","title":{"rendered":"Mentions L\u00e9gales"},"content":{"rendered":"<div data-elementor-type=\"wp-page\" data-elementor-id=\"459\" class=\"elementor elementor-459\">\n\t\t\t\t<div class=\"elementor-element elementor-element-0f8ecdd e-con-full e-flex e-con e-parent\" data-id=\"0f8ecdd\" data-element_type=\"container\" data-e-type=\"container\" data-settings=\"{&quot;background_background&quot;:&quot;classic&quot;}\">\n\t\t\t\t<div class=\"elementor-element elementor-element-4426fe1 elementor-widget elementor-widget-spacer\" data-id=\"4426fe1\" data-element_type=\"widget\" data-e-type=\"widget\" data-widget_type=\"spacer.default\">\n\t\t\t\t\t\t\t<div class=\"elementor-spacer\">\n\t\t\t<div class=\"elementor-spacer-inner\"><\/div>\n\t\t<\/div>\n\t\t\t\t\t\t<\/div>\n\t\t\t\t<div class=\"elementor-element elementor-element-a1ae917 elementor-widget elementor-widget-spacer\" data-id=\"a1ae917\" data-element_type=\"widget\" data-e-type=\"widget\" data-widget_type=\"spacer.default\">\n\t\t\t\t\t\t\t<div class=\"elementor-spacer\">\n\t\t\t<div class=\"elementor-spacer-inner\"><\/div>\n\t\t<\/div>\n\t\t\t\t\t\t<\/div>\n\t\t<div class=\"elementor-element elementor-element-0589242 e-flex e-con-boxed e-con e-child\" data-id=\"0589242\" data-element_type=\"container\" data-e-type=\"container\">\n\t\t\t\t\t<div class=\"e-con-inner\">\n\t\t\t\t<div class=\"elementor-element elementor-element-2057e1b elementor-hidden-mobile elementor-widget elementor-widget-spacer\" data-id=\"2057e1b\" data-element_type=\"widget\" data-e-type=\"widget\" data-widget_type=\"spacer.default\">\n\t\t\t\t\t\t\t<div class=\"elementor-spacer\">\n\t\t\t<div class=\"elementor-spacer-inner\"><\/div>\n\t\t<\/div>\n\t\t\t\t\t\t<\/div>\n\t\t\t\t<div class=\"elementor-element elementor-element-bdf3904 elementor-widget__width-initial elementor-widget elementor-widget-heading\" data-id=\"bdf3904\" data-element_type=\"widget\" data-e-type=\"widget\" data-widget_type=\"heading.default\">\n\t\t\t\t\t<h3 class=\"elementor-heading-title elementor-size-default\">Mentions L\u00e9gales<\/h3>\t\t\t\t<\/div>\n\t\t\t\t\t<\/div>\n\t\t\t\t<\/div>\n\t\t\t\t<\/div>\n\t\t<div class=\"elementor-element elementor-element-91f17fe e-flex e-con-boxed e-con e-parent\" data-id=\"91f17fe\" data-element_type=\"container\" data-e-type=\"container\">\n\t\t\t\t\t<div class=\"e-con-inner\">\n\t\t\t\t<div class=\"elementor-element elementor-element-1baaaa3 elementor-widget elementor-widget-spacer\" data-id=\"1baaaa3\" data-element_type=\"widget\" data-e-type=\"widget\" data-widget_type=\"spacer.default\">\n\t\t\t\t\t\t\t<div class=\"elementor-spacer\">\n\t\t\t<div class=\"elementor-spacer-inner\"><\/div>\n\t\t<\/div>\n\t\t\t\t\t\t<\/div>\n\t\t\t\t<div class=\"elementor-element elementor-element-9e89f86 elementor-widget elementor-widget-text-editor\" data-id=\"9e89f86\" data-element_type=\"widget\" data-e-type=\"widget\" data-widget_type=\"text-editor.default\">\n\t\t\t\t\t\t\t\t\t<p class=\"p1\"><b>1. \u00c9diteur du site<\/b><b><\/b><\/p><p class=\"p1\">Le pr\u00e9sent site est \u00e9dit\u00e9 par la soci\u00e9t\u00e9 <b>ALBA<\/b>, soci\u00e9t\u00e9 par actions simplifi\u00e9e (SAS) au capital de 1 000 euros, immatricul\u00e9e au Registre du Commerce et des Soci\u00e9t\u00e9s de Reims sous le num\u00e9ro <b>849 964 549<\/b>.<\/p><ul class=\"ul1\"><li class=\"li1\">D\u00e9nomination sociale : ALBA<\/li><li class=\"li1\">Si\u00e8ge social : 5 rue Salin, 51100 Reims, France<\/li><li class=\"li1\">Num\u00e9ro SIREN : 849 964 549<\/li><li class=\"li1\">Num\u00e9ro SIRET (si\u00e8ge) : 849 964 549 00018<\/li><li class=\"li1\">Directeur de la publication : Monsieur Romain LABRE, Pr\u00e9sident<\/li><li class=\"li1\">R\u00e9alisation : <a href=\"http:\/\/www.audexcom-reims.com\/\"><span class=\"s2\">AUDEXCOM<\/span><\/a> &#8211; Agence de communication\u00a0<\/li><\/ul><p class=\"p1\"><b>2. H\u00e9bergement du site<\/b><b><\/b><\/p><p class=\"p1\">Le site est h\u00e9berg\u00e9 par :<br \/><b>IONOS SARL<\/b><br \/>7 place de la Gare, BP 70109<br \/>57200 Sarreguemines Cedex \u2013 France<\/p><p class=\"p1\"><b>3. Activit\u00e9<\/b><\/p><p class=\"p1\">La soci\u00e9t\u00e9 ALBA exerce une activit\u00e9 de restauration traditionnelle, incluant notamment : restauration, d\u00e9bit de boissons, bar, traiteur et activit\u00e9s associ\u00e9es.<\/p><p class=\"p1\"><b>4. Propri\u00e9t\u00e9 intellectuelle<\/b><\/p><p class=\"p1\">L\u2019ensemble du site (textes, graphismes, logo, etc.) est la propri\u00e9t\u00e9 exclusive de la soci\u00e9t\u00e9 ALBA, sauf les photographies (qui sont la propri\u00e9t\u00e9 de l&rsquo;agence <a href=\"http:\/\/www.audexcom-reims.com\/\"><span class=\"s2\">AUDEXCOM<\/span><\/a>).<br \/>Toute reproduction, repr\u00e9sentation, modification, publication ou adaptation, totale ou partielle, est interdite sans autorisation \u00e9crite pr\u00e9alable.<\/p><p class=\"p1\"><b>5. Donn\u00e9es personnelles<\/b><\/p><p class=\"p1\">Les informations recueillies via le site font l\u2019objet d\u2019un traitement destin\u00e9 \u00e0 la prise de contact ou \u00e0 la r\u00e9servation.<\/p><p class=\"p1\">Conform\u00e9ment au <b>R\u00e8glement G\u00e9n\u00e9ral sur la Protection des Donn\u00e9es (RGPD)<\/b> et \u00e0 la loi Informatique et Libert\u00e9s, vous disposez des droits suivants :<\/p><ul class=\"ul1\"><li class=\"li1\">droit d\u2019acc\u00e8s<\/li><li class=\"li1\">droit de rectification<\/li><li class=\"li1\">droit d\u2019effacement<\/li><li class=\"li1\">droit d\u2019opposition<\/li><li class=\"li1\">droit \u00e0 la limitation du traitement<\/li><\/ul><p class=\"p1\">Vous pouvez exercer ces droits en contactant : contact@alba-reims.com.<\/p><p class=\"p1\"><b>6. Cookies<\/b><\/p><p class=\"p1\">Le site peut utiliser des cookies afin d\u2019am\u00e9liorer l\u2019exp\u00e9rience utilisateur et mesurer l\u2019audience.<br \/>Vous pouvez configurer vos pr\u00e9f\u00e9rences via le bandeau cookies ou les param\u00e8tres de votre navigateur.<\/p><p class=\"p1\"><b>7. Responsabilit\u00e9<\/b><\/p><p class=\"p1\">La soci\u00e9t\u00e9 ALBA s\u2019efforce de fournir des informations exactes et \u00e0 jour. Toutefois, elle ne saurait \u00eatre tenue responsable des erreurs, omissions ou r\u00e9sultats obtenus par un mauvais usage des informations diffus\u00e9es sur le site.<\/p>\t\t\t\t\t\t\t\t<\/div>\n\t\t\t\t\t<\/div>\n\t\t\t\t<\/div>\n\t\t\t\t<\/div>","protected":false},"excerpt":{"rendered":"<p>Mentions L\u00e9gales 1. \u00c9diteur du site Le pr\u00e9sent site est \u00e9dit\u00e9 par la soci\u00e9t\u00e9 ALBA, soci\u00e9t\u00e9 par actions simplifi\u00e9e (SAS) [&hellip;]<\/p>\n","protected":false},"author":2,"featured_media":0,"parent":0,"menu_order":0,"comment_status":"closed","ping_status":"closed","template":"elementor_header_footer","meta":{"site-sidebar-layout":"no-sidebar","site-content-layout":"","ast-site-content-layout":"full-width-container","site-content-style":"default","site-sidebar-style":"default","ast-global-header-display":"","ast-banner-title-visibility":"","ast-main-header-display":"","ast-hfb-above-header-display":"","ast-hfb-below-header-display":"","ast-hfb-mobile-header-display":"","site-post-title":"","ast-breadcrumbs-content":"","ast-featured-img":"disabled","footer-sml-layout":"","ast-disable-related-posts":"","theme-transparent-header-meta":"","adv-header-id-meta":"","stick-header-meta":"","header-above-stick-meta":"","header-main-stick-meta":"","header-below-stick-meta":"","astra-migrate-meta-layouts":"default","ast-page-background-enabled":"default","ast-page-background-meta":{"desktop":{"background-color":"var(--ast-global-color-5)","background-image":"","background-repeat":"repeat","background-position":"center center","background-size":"auto","background-attachment":"scroll","background-type":"","background-media":"","overlay-type":"","overlay-color":"","overlay-opacity":"","overlay-gradient":""},"tablet":{"background-color":"","background-image":"","background-repeat":"repeat","background-position":"center center","background-size":"auto","background-attachment":"scroll","background-type":"","background-media":"","overlay-type":"","overlay-color":"","overlay-opacity":"","overlay-gradient":""},"mobile":{"background-color":"","background-image":"","background-repeat":"repeat","background-position":"center center","background-size":"auto","background-attachment":"scroll","background-type":"","background-media":"","overlay-type":"","overlay-color":"","overlay-opacity":"","overlay-gradient":""}},"ast-content-background-meta":{"desktop":{"background-color":"var(--ast-global-color-4)","background-image":"","background-repeat":"repeat","background-position":"center center","background-size":"auto","background-attachment":"scroll","background-type":"","background-media":"","overlay-type":"","overlay-color":"","overlay-opacity":"","overlay-gradient":""},"tablet":{"background-color":"var(--ast-global-color-4)","background-image":"","background-repeat":"repeat","background-position":"center center","background-size":"auto","background-attachment":"scroll","background-type":"","background-media":"","overlay-type":"","overlay-color":"","overlay-opacity":"","overlay-gradient":""},"mobile":{"background-color":"var(--ast-global-color-4)","background-image":"","background-repeat":"repeat","background-position":"center center","background-size":"auto","background-attachment":"scroll","background-type":"","background-media":"","overlay-type":"","overlay-color":"","overlay-opacity":"","overlay-gradient":""}},"footnotes":""},"class_list":["post-459","page","type-page","status-publish","hentry"],"yoast_head":"<!-- This site is optimized with the Yoast SEO plugin v27.4 - https:\/\/yoast.com\/product\/yoast-seo-wordpress\/ -->\n<title>Mentions L\u00e9gales -<\/title>\n<meta name=\"robots\" content=\"index, follow, max-snippet:-1, max-image-preview:large, max-video-preview:-1\" \/>\n<link rel=\"canonical\" href=\"https:\/\/alba-reims.com\/ne\/mentions\/\" \/>\n<meta property=\"og:locale\" content=\"sq_AL\" \/>\n<meta property=\"og:type\" content=\"article\" \/>\n<meta property=\"og:title\" content=\"Mentions L\u00e9gales -\" \/>\n<meta property=\"og:description\" content=\"Mentions L\u00e9gales 1. \u00c9diteur du site Le pr\u00e9sent site est \u00e9dit\u00e9 par la soci\u00e9t\u00e9 ALBA, soci\u00e9t\u00e9 par actions simplifi\u00e9e (SAS) [&hellip;]\" \/>\n<meta property=\"og:url\" content=\"https:\/\/alba-reims.com\/ne\/mentions\/\" \/>\n<meta property=\"article:modified_time\" content=\"2026-04-09T20:01:41+00:00\" \/>\n<meta name=\"twitter:card\" content=\"summary_large_image\" \/>\n<meta name=\"twitter:label1\" content=\"Est. reading time\" \/>\n\t<meta name=\"twitter:data1\" content=\"2 minuta\" \/>\n<script type=\"application\/ld+json\" class=\"yoast-schema-graph\">{\"@context\":\"https:\\\/\\\/schema.org\",\"@graph\":[{\"@type\":\"WebPage\",\"@id\":\"https:\\\/\\\/alba-reims.com\\\/mentions\\\/\",\"url\":\"https:\\\/\\\/alba-reims.com\\\/mentions\\\/\",\"name\":\"Mentions L\u00e9gales -\",\"isPartOf\":{\"@id\":\"https:\\\/\\\/alba-reims.com\\\/#website\"},\"datePublished\":\"2026-03-25T16:06:11+00:00\",\"dateModified\":\"2026-04-09T20:01:41+00:00\",\"breadcrumb\":{\"@id\":\"https:\\\/\\\/alba-reims.com\\\/mentions\\\/#breadcrumb\"},\"inLanguage\":\"sq\",\"potentialAction\":[{\"@type\":\"ReadAction\",\"target\":[\"https:\\\/\\\/alba-reims.com\\\/mentions\\\/\"]}]},{\"@type\":\"BreadcrumbList\",\"@id\":\"https:\\\/\\\/alba-reims.com\\\/mentions\\\/#breadcrumb\",\"itemListElement\":[{\"@type\":\"ListItem\",\"position\":1,\"name\":\"Accueil\",\"item\":\"https:\\\/\\\/alba-reims.com\\\/\"},{\"@type\":\"ListItem\",\"position\":2,\"name\":\"Mentions L\u00e9gales\"}]},{\"@type\":\"WebSite\",\"@id\":\"https:\\\/\\\/alba-reims.com\\\/#website\",\"url\":\"https:\\\/\\\/alba-reims.com\\\/\",\"name\":\"\",\"description\":\"\",\"potentialAction\":[{\"@type\":\"SearchAction\",\"target\":{\"@type\":\"EntryPoint\",\"urlTemplate\":\"https:\\\/\\\/alba-reims.com\\\/?s={search_term_string}\"},\"query-input\":{\"@type\":\"PropertyValueSpecification\",\"valueRequired\":true,\"valueName\":\"search_term_string\"}}],\"inLanguage\":\"sq\"}]}<\/script>\n<!-- \/ Yoast SEO plugin. -->","yoast_head_json":{"title":"Mentions L\u00e9gales -","robots":{"index":"index","follow":"follow","max-snippet":"max-snippet:-1","max-image-preview":"max-image-preview:large","max-video-preview":"max-video-preview:-1"},"canonical":"https:\/\/alba-reims.com\/ne\/mentions\/","og_locale":"sq_AL","og_type":"article","og_title":"Mentions L\u00e9gales -","og_description":"Mentions L\u00e9gales 1. \u00c9diteur du site Le pr\u00e9sent site est \u00e9dit\u00e9 par la soci\u00e9t\u00e9 ALBA, soci\u00e9t\u00e9 par actions simplifi\u00e9e (SAS) [&hellip;]","og_url":"https:\/\/alba-reims.com\/ne\/mentions\/","article_modified_time":"2026-04-09T20:01:41+00:00","twitter_card":"summary_large_image","twitter_misc":{"Est. reading time":"2 minuta"},"schema":{"@context":"https:\/\/schema.org","@graph":[{"@type":"WebPage","@id":"https:\/\/alba-reims.com\/mentions\/","url":"https:\/\/alba-reims.com\/mentions\/","name":"Mentions L\u00e9gales -","isPartOf":{"@id":"https:\/\/alba-reims.com\/#website"},"datePublished":"2026-03-25T16:06:11+00:00","dateModified":"2026-04-09T20:01:41+00:00","breadcrumb":{"@id":"https:\/\/alba-reims.com\/mentions\/#breadcrumb"},"inLanguage":"sq","potentialAction":[{"@type":"ReadAction","target":["https:\/\/alba-reims.com\/mentions\/"]}]},{"@type":"BreadcrumbList","@id":"https:\/\/alba-reims.com\/mentions\/#breadcrumb","itemListElement":[{"@type":"ListItem","position":1,"name":"Accueil","item":"https:\/\/alba-reims.com\/"},{"@type":"ListItem","position":2,"name":"Mentions L\u00e9gales"}]},{"@type":"WebSite","@id":"https:\/\/alba-reims.com\/#website","url":"https:\/\/alba-reims.com\/","name":"","description":"","potentialAction":[{"@type":"SearchAction","target":{"@type":"EntryPoint","urlTemplate":"https:\/\/alba-reims.com\/?s={search_term_string}"},"query-input":{"@type":"PropertyValueSpecification","valueRequired":true,"valueName":"search_term_string"}}],"inLanguage":"sq"}]}},"_links":{"self":[{"href":"https:\/\/alba-reims.com\/ne\/wp-json\/wp\/v2\/pages\/459","targetHints":{"allow":["GET"]}}],"collection":[{"href":"https:\/\/alba-reims.com\/ne\/wp-json\/wp\/v2\/pages"}],"about":[{"href":"https:\/\/alba-reims.com\/ne\/wp-json\/wp\/v2\/types\/page"}],"author":[{"embeddable":true,"href":"https:\/\/alba-reims.com\/ne\/wp-json\/wp\/v2\/users\/2"}],"replies":[{"embeddable":true,"href":"https:\/\/alba-reims.com\/ne\/wp-json\/wp\/v2\/comments?post=459"}],"version-history":[{"count":25,"href":"https:\/\/alba-reims.com\/ne\/wp-json\/wp\/v2\/pages\/459\/revisions"}],"predecessor-version":[{"id":1013,"href":"https:\/\/alba-reims.com\/ne\/wp-json\/wp\/v2\/pages\/459\/revisions\/1013"}],"wp:attachment":[{"href":"https:\/\/alba-reims.com\/ne\/wp-json\/wp\/v2\/media?parent=459"}],"curies":[{"name":"wp","href":"https:\/\/api.w.org\/{rel}","templated":true}]}}