{"id":39,"date":"2026-03-17T14:52:23","date_gmt":"2026-03-17T14:52:23","guid":{"rendered":"https:\/\/alba-reims.com\/?page_id=39"},"modified":"2026-04-17T20:34:34","modified_gmt":"2026-04-17T20:34:34","slug":"contact","status":"publish","type":"page","link":"https:\/\/alba-reims.com\/ne\/contact\/","title":{"rendered":"Contact"},"content":{"rendered":"<div data-elementor-type=\"wp-page\" data-elementor-id=\"39\" class=\"elementor elementor-39\">\n\t\t\t\t<div class=\"elementor-element elementor-element-124e430 e-con-full e-flex e-con e-parent\" data-id=\"124e430\" data-element_type=\"container\" data-e-type=\"container\" data-settings=\"{&quot;background_background&quot;:&quot;classic&quot;}\">\n\t\t<div class=\"elementor-element elementor-element-c033d67 e-flex e-con-boxed e-con e-child\" data-id=\"c033d67\" data-element_type=\"container\" data-e-type=\"container\">\n\t\t\t\t\t<div class=\"e-con-inner\">\n\t\t\t\t<div class=\"elementor-element elementor-element-588311a elementor-widget-mobile__width-initial elementor-widget elementor-widget-heading\" data-id=\"588311a\" data-element_type=\"widget\" data-e-type=\"widget\" data-widget_type=\"heading.default\">\n\t\t\t\t\t<h1 class=\"elementor-heading-title elementor-size-default\">Heb je vragen? Wij geven je graag antwoord!<\/h1>\t\t\t\t<\/div>\n\t\t<div class=\"elementor-element elementor-element-a13d819 e-con-full e-flex e-con e-child\" data-id=\"a13d819\" data-element_type=\"container\" data-e-type=\"container\">\n\t\t\t\t<div class=\"elementor-element elementor-element-0c2abed elementor-widget elementor-widget-button\" data-id=\"0c2abed\" data-element_type=\"widget\" data-e-type=\"widget\" data-widget_type=\"button.default\">\n\t\t\t\t\t\t\t\t\t\t<a class=\"elementor-button elementor-button-link elementor-size-sm elementor-animation-rotate\" href=\"tel:+33310165366\">\n\t\t\t\t\t\t<span class=\"elementor-button-content-wrapper\">\n\t\t\t\t\t\t\t\t\t<span class=\"elementor-button-text\">03 10 16 53 66<\/span>\n\t\t\t\t\t<\/span>\n\t\t\t\t\t<\/a>\n\t\t\t\t\t\t\t\t<\/div>\n\t\t\t\t<div class=\"elementor-element elementor-element-ec0c3e7 elementor-widget elementor-widget-button\" data-id=\"ec0c3e7\" data-element_type=\"widget\" data-e-type=\"widget\" data-widget_type=\"button.default\">\n\t\t\t\t\t\t\t\t\t\t<a class=\"elementor-button elementor-button-link elementor-size-sm elementor-animation-rotate\" href=\"mailto:contact@alba-reims.com\">\n\t\t\t\t\t\t<span class=\"elementor-button-content-wrapper\">\n\t\t\t\t\t\t\t\t\t<span class=\"elementor-button-text\">contact@alba-reims.com<\/span>\n\t\t\t\t\t<\/span>\n\t\t\t\t\t<\/a>\n\t\t\t\t\t\t\t\t<\/div>\n\t\t\t\t<\/div>\n\t\t\t\t\t<\/div>\n\t\t\t\t<\/div>\n\t\t\t\t<\/div>\n\t\t\t\t<\/div>","protected":false},"excerpt":{"rendered":"<p>T&rsquo;as des questions ? On y r\u00e9pond ! 03 10 16 53 66 contact@alba-reims.com<\/p>","protected":false},"author":2,"featured_media":1120,"parent":0,"menu_order":0,"comment_status":"closed","ping_status":"closed","template":"elementor_header_footer","meta":{"site-sidebar-layout":"no-sidebar","site-content-layout":"","ast-site-content-layout":"full-width-container","site-content-style":"default","site-sidebar-style":"default","ast-global-header-display":"","ast-banner-title-visibility":"","ast-main-header-display":"","ast-hfb-above-header-display":"","ast-hfb-below-header-display":"","ast-hfb-mobile-header-display":"","site-post-title":"","ast-breadcrumbs-content":"","ast-featured-img":"disabled","footer-sml-layout":"","ast-disable-related-posts":"","theme-transparent-header-meta":"","adv-header-id-meta":"","stick-header-meta":"","header-above-stick-meta":"","header-main-stick-meta":"","header-below-stick-meta":"","astra-migrate-meta-layouts":"default","ast-page-background-enabled":"default","ast-page-background-meta":{"desktop":{"background-color":"var(--ast-global-color-5)","background-image":"","background-repeat":"repeat","background-position":"center center","background-size":"auto","background-attachment":"scroll","background-type":"","background-media":"","overlay-type":"","overlay-color":"","overlay-opacity":"","overlay-gradient":""},"tablet":{"background-color":"","background-image":"","background-repeat":"repeat","background-position":"center center","background-size":"auto","background-attachment":"scroll","background-type":"","background-media":"","overlay-type":"","overlay-color":"","overlay-opacity":"","overlay-gradient":""},"mobile":{"background-color":"","background-image":"","background-repeat":"repeat","background-position":"center center","background-size":"auto","background-attachment":"scroll","background-type":"","background-media":"","overlay-type":"","overlay-color":"","overlay-opacity":"","overlay-gradient":""}},"ast-content-background-meta":{"desktop":{"background-color":"var(--ast-global-color-4)","background-image":"","background-repeat":"repeat","background-position":"center center","background-size":"auto","background-attachment":"scroll","background-type":"","background-media":"","overlay-type":"","overlay-color":"","overlay-opacity":"","overlay-gradient":""},"tablet":{"background-color":"var(--ast-global-color-4)","background-image":"","background-repeat":"repeat","background-position":"center center","background-size":"auto","background-attachment":"scroll","background-type":"","background-media":"","overlay-type":"","overlay-color":"","overlay-opacity":"","overlay-gradient":""},"mobile":{"background-color":"var(--ast-global-color-4)","background-image":"","background-repeat":"repeat","background-position":"center center","background-size":"auto","background-attachment":"scroll","background-type":"","background-media":"","overlay-type":"","overlay-color":"","overlay-opacity":"","overlay-gradient":""}},"footnotes":""},"class_list":["post-39","page","type-page","status-publish","has-post-thumbnail","hentry"],"yoast_head":"<!-- This site is optimized with the Yoast SEO plugin v27.4 - https:\/\/yoast.com\/product\/yoast-seo-wordpress\/ -->\n<title>Des question ? Contactez-nous !<\/title>\n<meta name=\"description\" content=\"Contactez Alba, votre restaurant italien \u00e0 Reims. R\u00e9servation, infos pratiques et acc\u00e8s \u00e0 notre trattoria au c\u0153ur de Reims.\" \/>\n<meta name=\"robots\" content=\"index, follow, max-snippet:-1, max-image-preview:large, max-video-preview:-1\" \/>\n<link rel=\"canonical\" href=\"https:\/\/alba-reims.com\/ne\/contact\/\" \/>\n<meta property=\"og:locale\" content=\"sq_AL\" \/>\n<meta property=\"og:type\" content=\"article\" \/>\n<meta property=\"og:title\" content=\"Des question ? Contactez-nous !\" \/>\n<meta property=\"og:description\" content=\"Contactez Alba, votre restaurant italien \u00e0 Reims. R\u00e9servation, infos pratiques et acc\u00e8s \u00e0 notre trattoria au c\u0153ur de Reims.\" \/>\n<meta property=\"og:url\" content=\"https:\/\/alba-reims.com\/ne\/contact\/\" \/>\n<meta property=\"article:modified_time\" content=\"2026-04-17T20:34:34+00:00\" \/>\n<meta property=\"og:image\" content=\"https:\/\/alba-reims.com\/wp-content\/uploads\/2026\/04\/Alba-Reims-Italient-Restaurant-1024x576.png\" \/>\n\t<meta property=\"og:image:width\" content=\"1024\" \/>\n\t<meta property=\"og:image:height\" content=\"576\" \/>\n\t<meta property=\"og:image:type\" content=\"image\/png\" \/>\n<meta name=\"twitter:card\" content=\"summary_large_image\" \/>\n<meta name=\"twitter:label1\" content=\"Est. reading time\" \/>\n\t<meta name=\"twitter:data1\" content=\"1 minut\u00eb\" \/>\n<script type=\"application\/ld+json\" class=\"yoast-schema-graph\">{\"@context\":\"https:\\\/\\\/schema.org\",\"@graph\":[{\"@type\":\"WebPage\",\"@id\":\"https:\\\/\\\/alba-reims.com\\\/contact\\\/\",\"url\":\"https:\\\/\\\/alba-reims.com\\\/contact\\\/\",\"name\":\"Des question ? Contactez-nous !\",\"isPartOf\":{\"@id\":\"https:\\\/\\\/alba-reims.com\\\/#website\"},\"primaryImageOfPage\":{\"@id\":\"https:\\\/\\\/alba-reims.com\\\/contact\\\/#primaryimage\"},\"image\":{\"@id\":\"https:\\\/\\\/alba-reims.com\\\/contact\\\/#primaryimage\"},\"thumbnailUrl\":\"https:\\\/\\\/alba-reims.com\\\/wp-content\\\/uploads\\\/2026\\\/04\\\/Alba-Reims-Italient-Restaurant-scaled.png\",\"datePublished\":\"2026-03-17T14:52:23+00:00\",\"dateModified\":\"2026-04-17T20:34:34+00:00\",\"description\":\"Contactez Alba, votre restaurant italien \u00e0 Reims. R\u00e9servation, infos pratiques et acc\u00e8s \u00e0 notre trattoria au c\u0153ur de Reims.\",\"breadcrumb\":{\"@id\":\"https:\\\/\\\/alba-reims.com\\\/contact\\\/#breadcrumb\"},\"inLanguage\":\"sq\",\"potentialAction\":[{\"@type\":\"ReadAction\",\"target\":[\"https:\\\/\\\/alba-reims.com\\\/contact\\\/\"]}]},{\"@type\":\"ImageObject\",\"inLanguage\":\"sq\",\"@id\":\"https:\\\/\\\/alba-reims.com\\\/contact\\\/#primaryimage\",\"url\":\"https:\\\/\\\/alba-reims.com\\\/wp-content\\\/uploads\\\/2026\\\/04\\\/Alba-Reims-Italient-Restaurant-scaled.png\",\"contentUrl\":\"https:\\\/\\\/alba-reims.com\\\/wp-content\\\/uploads\\\/2026\\\/04\\\/Alba-Reims-Italient-Restaurant-scaled.png\",\"width\":2560,\"height\":1440},{\"@type\":\"BreadcrumbList\",\"@id\":\"https:\\\/\\\/alba-reims.com\\\/contact\\\/#breadcrumb\",\"itemListElement\":[{\"@type\":\"ListItem\",\"position\":1,\"name\":\"Accueil\",\"item\":\"https:\\\/\\\/alba-reims.com\\\/\"},{\"@type\":\"ListItem\",\"position\":2,\"name\":\"Contact\"}]},{\"@type\":\"WebSite\",\"@id\":\"https:\\\/\\\/alba-reims.com\\\/#website\",\"url\":\"https:\\\/\\\/alba-reims.com\\\/\",\"name\":\"\",\"description\":\"\",\"potentialAction\":[{\"@type\":\"SearchAction\",\"target\":{\"@type\":\"EntryPoint\",\"urlTemplate\":\"https:\\\/\\\/alba-reims.com\\\/?s={search_term_string}\"},\"query-input\":{\"@type\":\"PropertyValueSpecification\",\"valueRequired\":true,\"valueName\":\"search_term_string\"}}],\"inLanguage\":\"sq\"}]}<\/script>\n<!-- \/ Yoast SEO plugin. -->","yoast_head_json":{"title":"Des question ? Contactez-nous !","description":"Contactez Alba, votre restaurant italien \u00e0 Reims. R\u00e9servation, infos pratiques et acc\u00e8s \u00e0 notre trattoria au c\u0153ur de Reims.","robots":{"index":"index","follow":"follow","max-snippet":"max-snippet:-1","max-image-preview":"max-image-preview:large","max-video-preview":"max-video-preview:-1"},"canonical":"https:\/\/alba-reims.com\/ne\/contact\/","og_locale":"sq_AL","og_type":"article","og_title":"Des question ? Contactez-nous !","og_description":"Contactez Alba, votre restaurant italien \u00e0 Reims. R\u00e9servation, infos pratiques et acc\u00e8s \u00e0 notre trattoria au c\u0153ur de Reims.","og_url":"https:\/\/alba-reims.com\/ne\/contact\/","article_modified_time":"2026-04-17T20:34:34+00:00","og_image":[{"width":1024,"height":576,"url":"https:\/\/alba-reims.com\/wp-content\/uploads\/2026\/04\/Alba-Reims-Italient-Restaurant-1024x576.png","type":"image\/png"}],"twitter_card":"summary_large_image","twitter_misc":{"Est. reading time":"1 minut\u00eb"},"schema":{"@context":"https:\/\/schema.org","@graph":[{"@type":"WebPage","@id":"https:\/\/alba-reims.com\/contact\/","url":"https:\/\/alba-reims.com\/contact\/","name":"Des question ? Contactez-nous !","isPartOf":{"@id":"https:\/\/alba-reims.com\/#website"},"primaryImageOfPage":{"@id":"https:\/\/alba-reims.com\/contact\/#primaryimage"},"image":{"@id":"https:\/\/alba-reims.com\/contact\/#primaryimage"},"thumbnailUrl":"https:\/\/alba-reims.com\/wp-content\/uploads\/2026\/04\/Alba-Reims-Italient-Restaurant-scaled.png","datePublished":"2026-03-17T14:52:23+00:00","dateModified":"2026-04-17T20:34:34+00:00","description":"Contactez Alba, votre restaurant italien \u00e0 Reims. R\u00e9servation, infos pratiques et acc\u00e8s \u00e0 notre trattoria au c\u0153ur de Reims.","breadcrumb":{"@id":"https:\/\/alba-reims.com\/contact\/#breadcrumb"},"inLanguage":"sq","potentialAction":[{"@type":"ReadAction","target":["https:\/\/alba-reims.com\/contact\/"]}]},{"@type":"ImageObject","inLanguage":"sq","@id":"https:\/\/alba-reims.com\/contact\/#primaryimage","url":"https:\/\/alba-reims.com\/wp-content\/uploads\/2026\/04\/Alba-Reims-Italient-Restaurant-scaled.png","contentUrl":"https:\/\/alba-reims.com\/wp-content\/uploads\/2026\/04\/Alba-Reims-Italient-Restaurant-scaled.png","width":2560,"height":1440},{"@type":"BreadcrumbList","@id":"https:\/\/alba-reims.com\/contact\/#breadcrumb","itemListElement":[{"@type":"ListItem","position":1,"name":"Accueil","item":"https:\/\/alba-reims.com\/"},{"@type":"ListItem","position":2,"name":"Contact"}]},{"@type":"WebSite","@id":"https:\/\/alba-reims.com\/#website","url":"https:\/\/alba-reims.com\/","name":"","description":"","potentialAction":[{"@type":"SearchAction","target":{"@type":"EntryPoint","urlTemplate":"https:\/\/alba-reims.com\/?s={search_term_string}"},"query-input":{"@type":"PropertyValueSpecification","valueRequired":true,"valueName":"search_term_string"}}],"inLanguage":"sq"}]}},"_links":{"self":[{"href":"https:\/\/alba-reims.com\/ne\/wp-json\/wp\/v2\/pages\/39","targetHints":{"allow":["GET"]}}],"collection":[{"href":"https:\/\/alba-reims.com\/ne\/wp-json\/wp\/v2\/pages"}],"about":[{"href":"https:\/\/alba-reims.com\/ne\/wp-json\/wp\/v2\/types\/page"}],"author":[{"embeddable":true,"href":"https:\/\/alba-reims.com\/ne\/wp-json\/wp\/v2\/users\/2"}],"replies":[{"embeddable":true,"href":"https:\/\/alba-reims.com\/ne\/wp-json\/wp\/v2\/comments?post=39"}],"version-history":[{"count":19,"href":"https:\/\/alba-reims.com\/ne\/wp-json\/wp\/v2\/pages\/39\/revisions"}],"predecessor-version":[{"id":1143,"href":"https:\/\/alba-reims.com\/ne\/wp-json\/wp\/v2\/pages\/39\/revisions\/1143"}],"wp:featuredmedia":[{"embeddable":true,"href":"https:\/\/alba-reims.com\/ne\/wp-json\/wp\/v2\/media\/1120"}],"wp:attachment":[{"href":"https:\/\/alba-reims.com\/ne\/wp-json\/wp\/v2\/media?parent=39"}],"curies":[{"name":"wp","href":"https:\/\/api.w.org\/{rel}","templated":true}]}}